{"id":16580,"date":"2021-01-12T22:55:42","date_gmt":"2021-01-12T22:55:42","guid":{"rendered":"http:\/\/ulplast.pl\/contact\/"},"modified":"2025-05-27T14:38:19","modified_gmt":"2025-05-27T14:38:19","slug":"contact","status":"publish","type":"page","link":"https:\/\/ulplast.pl\/en\/contact\/","title":{"rendered":"Contact"},"content":{"rendered":"<div class=\"wpb-content-wrapper\"><p>[vc_row section_type=&#8221;fullwidth&#8221; bg_type=&#8221;color&#8221; padding_top_multiplier=&#8221;&#8221; padding_bottom_multiplier=&#8221;&#8221; columns_gap=&#8221;none&#8221; equal_column_height=&#8221;middle-content&#8221; font_color=&#8221;#0a0a0a&#8221; bg_color=&#8221;#777777&#8243;][vc_column width=&#8221;1\/2&#8243; heading_color=&#8221;light&#8221;]<h3 class=\"grve-element grve-title grve-align-center grve-h3\" style=\"\"><span><br>\n<h2 style=\"text-align: center;\">Tips sales department<\/h2>\n<\/span><\/h3><h3 class=\"grve-element grve-title grve-align-center grve-subtitle-text\" style=\"\"><span><br>\n<h1>OMNITIP<\/h1>\n<\/span><\/h3>[vc_column_text text_style=&#8221;leader-text&#8221;]<\/p>\n<h5 style=\"text-align: center;\">Marcin Paw\u0142owski<br \/>\ntel. +48 668 332 229<\/h5>\n<h5 style=\"text-align: center;\"><a href=\"mailto:marcin.pawlowski@omnitip.pl\">marcin.pawlowski@omnitip.pl<\/a><\/h5>\n<p>[\/vc_column_text]<h3 class=\"grve-element grve-title grve-align-left grve-h3\" style=\"\"><span><\/span><\/h3>[\/vc_column][vc_column width=&#8221;1\/2&#8243;]<h3 class=\"grve-element grve-title grve-align-center grve-h3\" style=\"\"><span><br>\n<h3 style=\"text-align: center; color: white;\">Plastic Production<br \/>\nInjection Molding<\/h3>\n<\/span><\/h3><h3 class=\"grve-element grve-title grve-align-center grve-h3\" style=\"\"><span><br>\n<h1>ULPLAST<\/h1>\n<\/span><\/h3>[vc_column_text text_style=&#8221;leader-text&#8221;]<\/p>\n<h5 style=\"text-align: center; color: white;\">Ryszard Bali\u0144ski<br \/>\ntel. +48 501 400 354<\/h5>\n<h5 style=\"text-align: center;\"><a href=\"mailto:info@ulplast.pl\">info@ulplast.pl<\/a><\/h5>\n<p>[\/vc_column_text]<h3 class=\"grve-element grve-title grve-align-left grve-h3\" style=\"\"><span><\/span><\/h3>[\/vc_column][\/vc_row][vc_row heading_color=&#8221;light&#8221; section_type=&#8221;fullwidth&#8221; bg_type=&#8221;color&#8221; padding_top_multiplier=&#8221;&#8221; padding_bottom_multiplier=&#8221;&#8221; columns_gap=&#8221;none&#8221; equal_column_height=&#8221;middle-content&#8221; font_color=&#8221;#ffffff&#8221; bg_color=&#8221;#222222&#8243;][vc_column width=&#8221;1\/2&#8243; heading_color=&#8221;light&#8221;][vc_raw_html css=&#8221;.vc_custom_1732791154868{margin-bottom: 0px !important;}&#8221;]PGlmcmFtZSBzdHlsZT0iYm9yZGVyOiAwOyIgc3JjPSJodHRwczovL3d3dy5nb29nbGUuY29tL21hcHMvZW1iZWQ\/cGI9ITFtMTghMW0xMiExbTMhMWQyNDQzLjMzMzE2MTU4NDQ4OSEyZDIxLjA1NDg3NTc5MzU5NDgzNSEzZDUyLjIzNzMzMTk4NDkwMDE0ITJtMyExZjAhMmYwITNmMCEzbTIhMWkxMDI0ITJpNzY4ITRmMTMuMSEzbTMhMW0yITFzMHg0NzFlY2RhZTVjNDczNWQ1JTNBMHg1MDg5NTAxMzA2YmQxNjM0ITJzTmllayVDNSU4MmElQzUlODRza2ElMjAzNSUyRjElMkMlMjAwMy05MjglMjBXYXJzemF3YSE1ZTAhM20yITFzcGwhMnNwbCE0djE3MzI3OTEwNjUyMjMhNW0yITFzcGwhMnNwbCIgd2lkdGg9IjEwMCUiIGhlaWdodD0iNDAwIiBhbGxvd2Z1bGxzY3JlZW49ImFsbG93ZnVsbHNjcmVlbiI+PC9pZnJhbWU+[\/vc_raw_html][\/vc_column][vc_column vertical_content_position=&#8221;middle&#8221; width=&#8221;1\/2&#8243; css=&#8221;.vc_custom_1609925013352{padding-bottom: 0px !important;}&#8221;][vc_raw_html css=&#8221;.vc_custom_1609925395020{margin-bottom: 0px !important;}&#8221;]PGlmcmFtZSBzdHlsZT0iYm9yZGVyOiAwOyIgdGFiaW5kZXg9IjAiIHNyYz0iaHR0cHM6Ly93d3cuZ29vZ2xlLmNvbS9tYXBzL2VtYmVkP3BiPSExbTE4ITFtMTIhMW0zITFkODI2Ny45MDc4MDkwOTE0OTkhMmQyMS4yOTk4MzE2NTQ0NTY5OCEzZDUxLjk2OTI2MzUxNjA0MDYwNiEybTMhMWYwITJmMCEzZjAhM20yITFpMTAyNCEyaTc2OCE0ZjEzLjEhM20zITFtMiExczB4NDcxOGQ5ZmQ4M2FmMzZlYiUzQTB4NTlmMDY0ZDhlNTdkMGZkZCEyc1NvYmllbmllJTIwQmlza3VwaWUlMjAxM0IlMkMlMjAwOC00NDMlMjBTb2JpZW5pZSUyMEJpc2t1cGllJTJDJTIwUG9sc2thITVlMCEzbTIhMXNwbCEyc3VzITR2MTYwOTkyNTM3NTMxMSE1bTIhMXNwbCEyc3VzIiB3aWR0aD0iMTAwJSIgaGVpZ2h0PSI0MDAiIGZyYW1lYm9yZGVyPSIwIiBhbGxvd2Z1bGxzY3JlZW49ImFsbG93ZnVsbHNjcmVlbiIgYXJpYS1oaWRkZW49ImZhbHNlIj48L2lmcmFtZT4=[\/vc_raw_html][\/vc_column][\/vc_row][vc_row section_type=&#8221;fullwidth&#8221; padding_top_multiplier=&#8221;2x&#8221; padding_bottom_multiplier=&#8221;2x&#8221; columns_gap=&#8221;none&#8221; font_color=&#8221;#ffffff&#8221;][vc_column width=&#8221;1\/4&#8243; css=&#8221;.vc_custom_1609925517718{background-position: center !important;background-repeat: no-repeat !important;background-size: cover !important;}&#8221;][\/vc_column][vc_column width=&#8221;1\/2&#8243;]<h3 class=\"grve-element grve-title grve-align-center grve-h2\" style=\"\"><span>How can we help?<span class=\"grve-title-line grve-bg-primary-1\" style=\"width: 50px;height: 2px;\"><\/span><\/span><\/h3><div role=\"form\" class=\"wpcf7\" id=\"wpcf7-f16714-o1\" lang=\"en-US\" dir=\"ltr\">\n<div class=\"screen-reader-response\"><p role=\"status\" aria-live=\"polite\" aria-atomic=\"true\"><\/p> <ul><\/ul><\/div>\n<form action=\"\/en\/wp-json\/wp\/v2\/pages\/16580#wpcf7-f16714-o1\" method=\"post\" class=\"wpcf7-form init\" novalidate=\"novalidate\" data-status=\"init\">\n<div style=\"display: none;\">\n<input type=\"hidden\" name=\"_wpcf7\" value=\"16714\" \/>\n<input type=\"hidden\" name=\"_wpcf7_version\" value=\"5.4\" \/>\n<input type=\"hidden\" name=\"_wpcf7_locale\" value=\"en_US\" \/>\n<input type=\"hidden\" name=\"_wpcf7_unit_tag\" value=\"wpcf7-f16714-o1\" \/>\n<input type=\"hidden\" name=\"_wpcf7_container_post\" value=\"0\" \/>\n<input type=\"hidden\" name=\"_wpcf7_posted_data_hash\" value=\"\" \/>\n<\/div>\n<div class=\"grve-form grve-fields-round grve-align-center\">\n<div class=\"grve-fields-wrapper\">\n<div class=\"grve-one-half\"> <span class=\"wpcf7-form-control-wrap your-name\"><input type=\"text\" name=\"your-name\" value=\"\" size=\"40\" class=\"wpcf7-form-control wpcf7-text wpcf7-validates-as-required\" aria-required=\"true\" aria-invalid=\"false\" placeholder=\"Surname \/ Company name*\" \/><\/span><\/div>\n<div class=\"grve-one-half\"><span class=\"wpcf7-form-control-wrap your-email\"><input type=\"email\" name=\"your-email\" value=\"\" size=\"40\" class=\"wpcf7-form-control wpcf7-text wpcf7-email wpcf7-validates-as-required wpcf7-validates-as-email\" aria-required=\"true\" aria-invalid=\"false\" placeholder=\"Email *\" \/><\/span><\/div>\n<div><span class=\"wpcf7-form-control-wrap your-message\"><textarea name=\"your-message\" cols=\"40\" rows=\"10\" class=\"wpcf7-form-control wpcf7-textarea wpcf7-validates-as-required\" aria-required=\"true\" aria-invalid=\"false\" placeholder=\"Message *\"><\/textarea><\/span><\/div>\n<div><small style=\"font-size:80%\">By sending the message, you consent to the processing by ULPLAST Sp. z o.o. personal data contained in the form in order to answer the sent message.<\/small><\/div>\n<div><input type=\"submit\" value=\"Send\" class=\"wpcf7-form-control wpcf7-submit grve-extra-round\" \/><\/div>\n<\/div>\n<\/div>\n<div class=\"wpcf7-response-output\" aria-hidden=\"true\"><\/div><\/form><\/div>[\/vc_column][vc_column width=&#8221;1\/4&#8243;][\/vc_column][\/vc_row][vc_row][vc_column]<h1 class=\"grve-element grve-title grve-align-center grve-h1\" style=\"\"><span><br>\n<h3>MANAGEMENT STAFF<\/h3>\n<\/span><\/h1>[vc_column_text text_style=&#8221;leader-text&#8221;]<\/p>\n<h4>Zarz\u0105dzanie produkcj\u0105 i technologi\u0105<\/h4>\n<p>Ryszard Bali\u0144ski<br \/>\ntel. +48 501 400 354<br \/>\ninfo@ulplast.pl[\/vc_column_text][\/vc_column][\/vc_row][vc_row bg_type=&#8221;color&#8221; bg_color=&#8221;#f0f0f0&#8243;][vc_column width=&#8221;1\/3&#8243; text_align=&#8221;center&#8221;]<div class=\"grve-element grve-image grve-align-left\" style=\"\">  <div class=\"grve-image-wrapper\"><img width=\"176\" height=\"300\" src=\"https:\/\/ulplast.pl\/wp-content\/uploads\/2025\/02\/Ja-176x300.jpg\" class=\"attachment-medium size-medium\" alt=\"\" decoding=\"async\" loading=\"lazy\" srcset=\"https:\/\/ulplast.pl\/wp-content\/uploads\/2025\/02\/Ja-176x300.jpg 176w, https:\/\/ulplast.pl\/wp-content\/uploads\/2025\/02\/Ja-602x1024.jpg 602w, https:\/\/ulplast.pl\/wp-content\/uploads\/2025\/02\/Ja-768x1306.jpg 768w, https:\/\/ulplast.pl\/wp-content\/uploads\/2025\/02\/Ja-904x1536.jpg 904w, https:\/\/ulplast.pl\/wp-content\/uploads\/2025\/02\/Ja-1205x2048.jpg 1205w, https:\/\/ulplast.pl\/wp-content\/uploads\/2025\/02\/Ja-1129x1920.jpg 1129w, https:\/\/ulplast.pl\/wp-content\/uploads\/2025\/02\/Ja-600x1020.jpg 600w, https:\/\/ulplast.pl\/wp-content\/uploads\/2025\/02\/Ja.jpg 1480w\" sizes=\"(max-width: 176px) 100vw, 176px\" \/>   <\/div><\/div><div class=\"grve-empty-space grve-height-1x\" style=\"\"><\/div>[vc_column_text text_style=&#8221;leader-text&#8221;]<\/p>\n<h4>Zarz\u0105dzanie produkcj\u0105 i technologi\u0105<\/h4>\n<p>Ryszard Bali\u0144ski<br \/>\ntel. +48 501 400 354<br \/>\ninfo@ulplast.pl[\/vc_column_text][\/vc_column][vc_column width=&#8221;1\/3&#8243;]<div class=\"grve-element grve-image grve-align-center\" style=\"\">  <div class=\"grve-image-wrapper\"><img class=\"attachment-full size-full\" alt=\"Dummy Image\" src=\"https:\/\/ulplast.pl\/wp-content\/plugins\/movedo-extension\/assets\/images\/empty\/full.jpg\" width=\"1024\" height=\"768\">   <\/div><\/div><div class=\"grve-empty-space grve-height-1x\" style=\"\"><\/div>[vc_column_text text_style=&#8221;leader-text&#8221;]<\/p>\n<h4>Sales and logistics management<\/h4>\n<p>Krystian Bali\u0144ski<br \/>\ntel. +48 606 449 146<br \/>\nkrystian.balinski@ulplast.pl[\/vc_column_text][\/vc_column][vc_column width=&#8221;1\/3&#8243;]<div class=\"grve-element grve-image grve-align-center\" style=\"\">  <div class=\"grve-image-wrapper\"><img class=\"attachment-full size-full\" alt=\"Dummy Image\" src=\"https:\/\/ulplast.pl\/wp-content\/plugins\/movedo-extension\/assets\/images\/empty\/full.jpg\" width=\"1024\" height=\"768\">   <\/div><\/div><div class=\"grve-empty-space grve-height-1x\" style=\"\"><\/div>[vc_column_text text_style=&#8221;leader-text&#8221;]<\/p>\n<h4>Quality Control<\/h4>\n<p>Martyna Nowak<\/p>\n<p>martyna.nowak@ulplast.pl[\/vc_column_text][\/vc_column][\/vc_row]<\/p>\n<\/div>","protected":false},"excerpt":{"rendered":"<p>Eum an docendi expetendis. Nam iudico tollit periculis eu. No quo detraxit ocurreret, prima neglegentur ut pro. Ut cum nobis ornatus.<\/p>\n","protected":false},"author":1,"featured_media":0,"parent":0,"menu_order":0,"comment_status":"closed","ping_status":"closed","template":"","meta":[],"_links":{"self":[{"href":"https:\/\/ulplast.pl\/en\/wp-json\/wp\/v2\/pages\/16580"}],"collection":[{"href":"https:\/\/ulplast.pl\/en\/wp-json\/wp\/v2\/pages"}],"about":[{"href":"https:\/\/ulplast.pl\/en\/wp-json\/wp\/v2\/types\/page"}],"author":[{"embeddable":true,"href":"https:\/\/ulplast.pl\/en\/wp-json\/wp\/v2\/users\/1"}],"replies":[{"embeddable":true,"href":"https:\/\/ulplast.pl\/en\/wp-json\/wp\/v2\/comments?post=16580"}],"version-history":[{"count":0,"href":"https:\/\/ulplast.pl\/en\/wp-json\/wp\/v2\/pages\/16580\/revisions"}],"wp:attachment":[{"href":"https:\/\/ulplast.pl\/en\/wp-json\/wp\/v2\/media?parent=16580"}],"curies":[{"name":"wp","href":"https:\/\/api.w.org\/{rel}","templated":true}]}}