{"id":16852,"date":"2025-10-31T13:52:55","date_gmt":"2025-10-31T13:52:55","guid":{"rendered":"https:\/\/ulplast.pl\/?post_type=product&#038;p=16852"},"modified":"2025-10-31T15:08:31","modified_gmt":"2025-10-31T15:08:31","slug":"89011-koncowki-omnitip-om-10l-b-c-do-pipet-poj-500-10000-%c2%b5l-dl-1544-mm-bezbarwne-pakowane-w-worku","status":"publish","type":"product","link":"https:\/\/ulplast.pl\/en\/produkt\/89011-koncowki-omnitip-om-10l-b-c-do-pipet-poj-500-10000-%c2%b5l-dl-1544-mm-bezbarwne-pakowane-w-worku\/","title":{"rendered":"89011 Ko\u0144c\u00f3wki OMNITIP\u00ae OM-10L-B-C do pipet, poj. 500-10000 \u00b5l, d\u0142. 154,4 mm, bezbarwne, pakowane w worku."},"content":{"rendered":"<div class=\"wpb-content-wrapper\"><p>[vc_row][vc_column width=&#8221;2\/3&#8243;][vc_custom_heading text=&#8221;TABELA KOMPATYBILNO\u015aCI *&#8221; use_theme_fonts=&#8221;yes&#8221;][vc_column_text]<\/p>\n<table>\n<tbody>\n<tr>\n<td align=\"center\" bgcolor=\"EAEAEA\" width=\"450\">MODELE PIPET<\/td>\n<td align=\"center\" bgcolor=\"EAEAEA\" width=\"50\">OMNITIP TM<br \/>\n500-5000\u00b5l<\/td>\n<\/tr>\n<tr>\n<td><b>GILSON<\/b> Pipetman\u00ae P10Ml 1000-10000<\/td>\n<td align=\"center\">+<\/td>\n<\/tr>\n<tr>\n<td><b>GILSON<\/b> Pipetman\u00ae P10MLM CONECTED 1000 10000<\/td>\n<td align=\"center\">+<\/td>\n<\/tr>\n<tr>\n<td><b>GILSON<\/b> Pipetman\u00ae P10ML 100-10000M<\/td>\n<td align=\"center\">+<\/td>\n<\/tr>\n<tr>\n<td bgcolor=\"EAEAEA\"><b>EPPENDORF\u00ae <\/b>Research\u00ae plus 1000-10000\u00b5l<\/td>\n<td align=\"center\" bgcolor=\"EAEAEA\">+<\/td>\n<\/tr>\n<tr>\n<td bgcolor=\"EAEAEA\"><b>EPPENDORF\u00ae<\/b> Reference\u00ae 1000-10000\u00b5l<\/td>\n<td align=\"center\" bgcolor=\"EAEAEA\">+<\/td>\n<\/tr>\n<tr>\n<td><b><b>BRAND\u00ae <\/b><\/b>Transfer\u00ae S Pipette 1000-5000\u00b5l<\/td>\n<td align=\"center\">+<\/td>\n<\/tr>\n<tr>\n<td><b>DLAB<\/b> Scientific HiPette Colorful 1000-10000\u00b5l<\/td>\n<td align=\"center\">+<\/td>\n<\/tr>\n<tr>\n<td bgcolor=\"EAEAEA\"><b>HTL<\/b> Optipette OP10000\u00a0 1000-10000\u00b5l<\/td>\n<td align=\"center\" bgcolor=\"EAEAEA\">+<\/td>\n<\/tr>\n<tr>\n<td><b>METTLER TOLEDO<\/b> Pipet-Lite Pipette LTS L-10000XLS 1000-10000\u00b5l<\/td>\n<td align=\"center\" bgcolor=\"EAEAEA\">+<\/td>\n<\/tr>\n<tr>\n<td bgcolor=\"EAEAEA\"><b>LABNET<\/b> Biopette Plus Single Chanel\u2122 1000-10000\u00b5l<\/td>\n<td align=\"center\">+<\/td>\n<\/tr>\n<\/tbody>\n<\/table>\n<p>[\/vc_column_text][vc_column_text]<em>* Tabela jest ci\u0105gle aktualizowana<\/em>[\/vc_column_text][\/vc_column][vc_column width=&#8221;1\/3&#8243;][vc_custom_heading text=&#8221;RYSUNEK KO\u0143C\u00d3WKI&#8221; use_theme_fonts=&#8221;yes&#8221;]<div class=\"grve-element grve-image grve-align-center\" style=\"\">  <div class=\"grve-image-wrapper\"><img width=\"1831\" height=\"643\" src=\"https:\/\/ulplast.pl\/wp-content\/uploads\/2025\/10\/k10ml_tech-1.jpg\" class=\"attachment-full size-full\" alt=\"\" decoding=\"async\" loading=\"lazy\" srcset=\"https:\/\/ulplast.pl\/wp-content\/uploads\/2025\/10\/k10ml_tech-1.jpg 1831w, https:\/\/ulplast.pl\/wp-content\/uploads\/2025\/10\/k10ml_tech-1-300x105.jpg 300w, https:\/\/ulplast.pl\/wp-content\/uploads\/2025\/10\/k10ml_tech-1-1024x360.jpg 1024w, https:\/\/ulplast.pl\/wp-content\/uploads\/2025\/10\/k10ml_tech-1-768x270.jpg 768w, https:\/\/ulplast.pl\/wp-content\/uploads\/2025\/10\/k10ml_tech-1-1536x539.jpg 1536w, https:\/\/ulplast.pl\/wp-content\/uploads\/2025\/10\/k10ml_tech-1-600x211.jpg 600w\" sizes=\"(max-width: 1831px) 100vw, 1831px\" \/>   <\/div><\/div><div class=\"grve-empty-space grve-height-1x\" style=\"\"><\/div>[vc_custom_heading text=&#8221;Spos\u00f3b pakowania&#8221; use_theme_fonts=&#8221;yes&#8221;][vc_column_text]<strong>Bulk<\/strong> &#8211; worek foliowy z zapi\u0119ciem strunowym, podstawowa forma pakowania.[\/vc_column_text]<div class=\"grve-empty-space grve-height-1x\" style=\"\"><\/div>[vc_custom_heading text=&#8221;System paletyzacji&#8221; use_theme_fonts=&#8221;yes&#8221;]<div class=\"grve-element grve-image grve-align-center\" style=\"\">  <div class=\"grve-image-wrapper\"><img class=\"attachment-full size-full\" alt=\"Dummy Image\" src=\"https:\/\/ulplast.pl\/wp-content\/plugins\/movedo-extension\/assets\/images\/empty\/full.jpg\" width=\"1024\" height=\"768\">   <\/div><\/div>[\/vc_column][\/vc_row]<\/p>\n<\/div>","protected":false},"excerpt":{"rendered":"<h3>Ko\u0144c\u00f3wki <strong>OMNITIP\u00ae 10000<\/strong> do pipet, poj. 500-5000 \u00b5l, d\u0142. 154,4 mm, bezbarwne, pakowane w worku.<\/h3>\n<h6>Nr katalogowy : OM-10L-B-C<\/h6>\n<p>Nr handlowy : 89011<\/p>\n<p>Ko\u0144c\u00f3wki OMNITIP\u2122 10000 do pipet automatycznych wykonane s\u0105 z najwy\u017cszej jako\u015bci polipropylenu i zosta\u0142y zaprojektowane z my\u015bl\u0105 o najwy\u017cszej jako\u015bci obs\u0142ugi cieczy.<\/p>\n<p><span style=\"font-family: inherit; font-size: 18px; font-style: inherit; font-variant-ligatures: inherit; font-variant-caps: inherit; font-weight: inherit;\"><strong>Ko\u0144c\u00f3wki OMNITIP\u00ae OM-10L-B-C <\/strong><\/span>s\u0105 idealne do pipetowania cieczy w zakresie obj\u0119to\u015bci od 500 \u00b5l do 10000 \u00b5l.<br \/>\nDoskonale sprawdzaj\u0105 si\u0119 w badaniach naukowych, pracach diagnostycznych oraz aplikacjach przemys\u0142owych wymagaj\u0105cych wysokiej precyzji.<br \/>\nOdpowiednio zaprojektowany kszta\u0142t ko\u0142nierza ko\u0144c\u00f3wki umo\u017cliwia wsp\u00f3\u0142prac\u0119 ko\u0144c\u00f3wek OMNITIP\u2122 z pipetami automatycznymi wielu producent\u00f3w.<\/p>\n<p>Elastyczne i cienkie \u015bcianki ko\u0142nierza zapewniaj\u0105 doskona\u0142e uszczelnianie si\u0119 ko\u0144c\u00f3wek na trzonie pipety.<\/p>\n<p>Dzi\u0119ki g\u0142adkiej, hydrofobowej powierzchni wewn\u0119trznej zapewniaj\u0105 wi\u0119ksz\u0105 dok\u0142adno\u015b\u0107 dozowania oraz minimalizuj\u0105 starty pobieranego materia\u0142u badawczego.<br \/>\nCharakteryzuj\u0105 si\u0119 wysok\u0105 prze\u017aroczysto\u015bci\u0105.<\/p>\n<h6><span style=\"font-family: inherit; font-color: black; font-size: inherit; font-style: inherit; font-variant-ligatures: inherit; font-variant-caps: inherit; font-weight: inherit;\">Pakowanie w worki z zapi\u0119ciem strunowym (100 szt. w opak.) zapewnia \u0142atwo\u015b\u0107 korzystania z nich przez ca\u0142y czas u\u017cytkowania.<\/span><\/h6>\n","protected":false},"featured_media":16847,"template":"","meta":[],"_links":{"self":[{"href":"https:\/\/ulplast.pl\/en\/wp-json\/wp\/v2\/product\/16852"}],"collection":[{"href":"https:\/\/ulplast.pl\/en\/wp-json\/wp\/v2\/product"}],"about":[{"href":"https:\/\/ulplast.pl\/en\/wp-json\/wp\/v2\/types\/product"}],"wp:featuredmedia":[{"embeddable":true,"href":"https:\/\/ulplast.pl\/en\/wp-json\/wp\/v2\/media\/16847"}],"wp:attachment":[{"href":"https:\/\/ulplast.pl\/en\/wp-json\/wp\/v2\/media?parent=16852"}],"curies":[{"name":"wp","href":"https:\/\/api.w.org\/{rel}","templated":true}]}}